{"id":2056,"date":"2026-02-28T00:05:11","date_gmt":"2026-02-27T23:05:11","guid":{"rendered":"https:\/\/omag.hu\/?page_id=2056"},"modified":"2026-04-22T18:42:51","modified_gmt":"2026-04-22T16:42:51","slug":"grafika-logo-arculat","status":"publish","type":"page","link":"https:\/\/omag.hu\/hu\/szolgaltatasok\/grafika-logo-arculat\/","title":{"rendered":"Grafika, Logo, Arculat"},"content":{"rendered":"\n<div class=\"wp-block-uagb-container content_block uagb-block-925f5a04 alignfull uagb-is-root-container\">\n<div class=\"wp-block-uagb-container content_block_column content_block_column_base_gap uagb-block-d82873a0\">\n<div class=\"wp-block-uagb-container sevices_textbox uagb-block-8b101b67\">\n<div class=\"wp-block-uagb-container textbox_head uagb-block-adaf0e59\">\n<div class=\"wp-block-uagb-image uagb-block-e9e471b6 wp-block-uagb-image--layout-default wp-block-uagb-image--effect-static wp-block-uagb-image--align-none\"><figure class=\"wp-block-uagb-image__figure\"><img decoding=\"async\" srcset=\"https:\/\/omag.hu\/wp-content\/uploads\/2026\/03\/apesmiles_visual.png ,https:\/\/omag.hu\/wp-content\/uploads\/2026\/03\/apesmiles_visual.png 780w, https:\/\/omag.hu\/wp-content\/uploads\/2026\/03\/apesmiles_visual.png 360w\" sizes=\"auto, (max-width: 480px) 150px\" src=\"https:\/\/omag.hu\/wp-content\/uploads\/2026\/03\/apesmiles_visual.png\" alt=\"Omag Visual\" class=\"uag-image-2493\" width=\"300\" height=\"386\" title=\"apesmiles_visual\" loading=\"lazy\" role=\"img\"\/><\/figure><\/div>\n\n\n\n<div class=\"wp-block-uagb-container uagb-block-01213b78\">\n<h2 class=\"wp-block-heading\"><strong>Minden valahol kezd\u0151dik!<\/strong><\/h2>\n<\/div>\n<\/div>\n\n\n\n<p>Egy v\u00e1llalkoz\u00e1s arculata az egyik legfontosabb alap, amelyre minden k\u00e9s\u0151bbi megjelen\u00e9s \u00e9p\u00fcl. Ez az els\u0151 vizu\u00e1lis kapcsolat a c\u00e9ged \u00e9s az \u00e9rdekl\u0151d\u0151k k\u00f6z\u00f6tt, ez\u00e9rt meghat\u00e1roz\u00f3 szerepe van abban, milyen benyom\u00e1st keltesz m\u00e1sokban. A j\u00f3l megv\u00e1lasztott sz\u00ednek, form\u00e1k \u00e9s grafikai elemek nemcsak felismerhet\u0151v\u00e9 tesznek, hanem hangulatot k\u00f6zvet\u00edtenek, \u00e9rt\u00e9keket sugallnak, \u00e9s m\u00e1r az els\u0151 pillanatban \u00fczennek r\u00f3lad. Egy \u00e1tgondolt arculat bizalmat \u00e9breszt, profizmust sugall, \u00e9s seg\u00edt abban, hogy a c\u00e9ged megk\u00fcl\u00f6nb\u00f6ztethet\u0151 legyen a t\u00f6bbi k\u00f6z\u00fcl.<\/p>\n\n\n\n<p>\u00c9ppen ez\u00e9rt \u00e9rdemes id\u0151t sz\u00e1nni arra, hogy megfogalmazd, mit szeretn\u00e9l k\u00e9pviselni, hogyan szeretn\u00e9l megjelenni, \u00e9s milyen \u00e9rz\u00e9seket szeretn\u00e9l kiv\u00e1ltani azokb\u00f3l, akik tal\u00e1lkoznak a m\u00e1rk\u00e1ddal. Nem csup\u00e1n egy log\u00f3r\u00f3l vagy n\u00e9h\u00e1ny sz\u00edn kiv\u00e1laszt\u00e1s\u00e1r\u00f3l van sz\u00f3, hanem egy egys\u00e9ges vizu\u00e1lis vil\u00e1g kialak\u00edt\u00e1s\u00e1r\u00f3l, amely minden fel\u00fcleten k\u00f6vetkezetesen jelenik meg \u2013 legyen sz\u00f3 n\u00e9vjegyr\u0151l, weboldalr\u00f3l vagy hirdet\u00e9sekr\u0151l.<\/p>\n\n\n\n<p>Az arculattervez\u00e9s tulajdonk\u00e9ppen a v\u00e1llalkoz\u00e1sod vizu\u00e1lis bemutatkoz\u00e1sa: egy olyan eszk\u00f6z, amely seg\u00edt megmutatni, kik vagytok, miben hisztek, \u00e9s mi\u00e9rt \u00e9rdemes benneteket v\u00e1lasztani. Egy j\u00f3l fel\u00e9p\u00edtett arculat hossz\u00fa t\u00e1von is \u00e9rt\u00e9ket k\u00e9pvisel, mert stabil alapot ad minden tov\u00e1bbi kommunik\u00e1ci\u00f3nak \u00e9s megjelen\u00e9snek.<\/p>\n<\/div>\n\n\n\n<figure class=\"wp-block-image size-full has-custom-border\"><img loading=\"lazy\" decoding=\"async\" width=\"1024\" height=\"554\" src=\"https:\/\/omag.hu\/wp-content\/uploads\/2026\/03\/Molino_01.jpg\" alt=\"Frederick Hekkelberg matrica\" class=\"wp-image-2101\" style=\"border-top-left-radius:8px;border-top-right-radius:8px;border-bottom-left-radius:8px;border-bottom-right-radius:8px\" srcset=\"https:\/\/omag.hu\/wp-content\/uploads\/2026\/03\/Molino_01.jpg 1024w, https:\/\/omag.hu\/wp-content\/uploads\/2026\/03\/Molino_01-300x162.jpg 300w, https:\/\/omag.hu\/wp-content\/uploads\/2026\/03\/Molino_01-768x416.jpg 768w, https:\/\/omag.hu\/wp-content\/uploads\/2026\/03\/Molino_01-600x325.jpg 600w\" sizes=\"auto, (max-width: 1024px) 100vw, 1024px\" \/><\/figure>\n\n\n\n<figure class=\"wp-block-image size-large has-custom-border\"><img loading=\"lazy\" decoding=\"async\" width=\"1024\" height=\"576\" src=\"https:\/\/omag.hu\/wp-content\/uploads\/2026\/02\/Wink-Intretech-KapuvarRun-2026-Maraton-HalfMarathon-HD-1024x576.jpg\" alt=\"Wink-Intretech Kapuv\u00e1rRun 2026\" class=\"wp-image-2088\" style=\"border-top-left-radius:8px;border-top-right-radius:8px;border-bottom-left-radius:8px;border-bottom-right-radius:8px\" srcset=\"https:\/\/omag.hu\/wp-content\/uploads\/2026\/02\/Wink-Intretech-KapuvarRun-2026-Maraton-HalfMarathon-HD-1024x576.jpg 1024w, https:\/\/omag.hu\/wp-content\/uploads\/2026\/02\/Wink-Intretech-KapuvarRun-2026-Maraton-HalfMarathon-HD-300x169.jpg 300w, https:\/\/omag.hu\/wp-content\/uploads\/2026\/02\/Wink-Intretech-KapuvarRun-2026-Maraton-HalfMarathon-HD-768x432.jpg 768w, https:\/\/omag.hu\/wp-content\/uploads\/2026\/02\/Wink-Intretech-KapuvarRun-2026-Maraton-HalfMarathon-HD-1536x864.jpg 1536w, https:\/\/omag.hu\/wp-content\/uploads\/2026\/02\/Wink-Intretech-KapuvarRun-2026-Maraton-HalfMarathon-HD-600x338.jpg 600w, https:\/\/omag.hu\/wp-content\/uploads\/2026\/02\/Wink-Intretech-KapuvarRun-2026-Maraton-HalfMarathon-HD.jpg 1920w\" sizes=\"auto, (max-width: 1024px) 100vw, 1024px\" \/><\/figure>\n\n\n\n<div class=\"wp-block-uagb-image uagb-block-d77d14b0 wp-block-uagb-image--layout-default wp-block-uagb-image--effect-static wp-block-uagb-image--align-none\"><figure class=\"wp-block-uagb-image__figure\"><img decoding=\"async\" srcset=\"https:\/\/omag.hu\/wp-content\/uploads\/2026\/03\/Olcsi-1-Egyeni.jpg ,https:\/\/omag.hu\/wp-content\/uploads\/2026\/03\/Olcsi-1-Egyeni.jpg 780w, https:\/\/omag.hu\/wp-content\/uploads\/2026\/03\/Olcsi-1-Egyeni.jpg 360w\" sizes=\"auto, (max-width: 480px) 150px\" src=\"https:\/\/omag.hu\/wp-content\/uploads\/2026\/03\/Olcsi-1-Egyeni.jpg\" alt=\"Rajz digit\u0171lis t\u00e1bl\u00e1val\" class=\"uag-image-2113\" width=\"1024\" height=\"768\" title=\"Rajz digit\u0171lis t\u00e1bl\u00e1val\" loading=\"lazy\" role=\"img\"\/><\/figure><\/div>\n<\/div>\n\n\n\n<div class=\"wp-block-uagb-container content_block_column content_block_column_base_gap uagb-block-38e8d7ba\">\n<figure class=\"wp-block-image size-large has-custom-border\" style=\"margin-top:0;margin-bottom:0\"><img loading=\"lazy\" decoding=\"async\" width=\"1024\" height=\"596\" src=\"https:\/\/omag.hu\/wp-content\/uploads\/2026\/02\/apes-smile-1024x596.jpg\" alt=\"ape'smile\" class=\"wp-image-2045\" style=\"border-top-left-radius:8px;border-top-right-radius:8px;border-bottom-left-radius:8px;border-bottom-right-radius:8px\" srcset=\"https:\/\/omag.hu\/wp-content\/uploads\/2026\/02\/apes-smile-1024x596.jpg 1024w, https:\/\/omag.hu\/wp-content\/uploads\/2026\/02\/apes-smile-300x175.jpg 300w, https:\/\/omag.hu\/wp-content\/uploads\/2026\/02\/apes-smile-768x447.jpg 768w, https:\/\/omag.hu\/wp-content\/uploads\/2026\/02\/apes-smile-1536x894.jpg 1536w, https:\/\/omag.hu\/wp-content\/uploads\/2026\/02\/apes-smile-600x349.jpg 600w, https:\/\/omag.hu\/wp-content\/uploads\/2026\/02\/apes-smile.jpg 1920w\" sizes=\"auto, (max-width: 1024px) 100vw, 1024px\" \/><\/figure>\n\n\n\n<div class=\"wp-block-uagb-container sevices_textbox uagb-block-cc5dfc7f\">\n<h2 class=\"wp-block-heading\" style=\"margin-top:0;margin-bottom:var(--wp--preset--spacing--20)\">Logotervez\u00e9s<\/h2>\n\n\n\n<p>Egy c\u00e9g embl\u00e9m\u00e1j\u00e1nak megalkot\u00e1sa sokszor nehezebb feladat, mint els\u0151re gondoln\u00e1nk. Maga a megrajzol\u00e1s \u00e1ltal\u00e1ban nem a leghosszabb folyamat; az igazi kih\u00edv\u00e1st az jelenti, hogy kital\u00e1ljuk, milyen is legyen a log\u00f3 val\u00f3j\u00e1ban. Meg kell tal\u00e1lni azt az ir\u00e1nyt, amely legink\u00e1bb kifejezi a v\u00e1llalkoz\u00e1s jelleg\u00e9t, hangulat\u00e1t \u00e9s \u00e9rt\u00e9keit, mik\u00f6zben id\u0151t\u00e1ll\u00f3 \u00e9s k\u00f6nnyen felismerhet\u0151 marad.<\/p>\n\n\n\n<p>A legt\u00f6bb esetben a log\u00f3 alapj\u00e1t a c\u00e9g nev\u00e9b\u0151l kialak\u00edtott felirat adja, amelyet \u00fagy kell megtervezni, hogy ne csup\u00e1n olvashat\u00f3 legyen, hanem karaktert is hordozzon. A bet\u0171form\u00e1k, az ar\u00e1nyok, a vonalvastags\u00e1gok \u00e9s az elrendez\u00e9s mind hozz\u00e1j\u00e1rulnak ahhoz, hogy a log\u00f3 egyedi \u00e9s eml\u00e9kezetes legyen. Egy j\u00f3l megtervezett embl\u00e9ma m\u00e1r \u00f6nmag\u00e1ban is k\u00e9pes utalni a c\u00e9g tev\u00e9kenys\u00e9g\u00e9re vagy st\u00edlus\u00e1ra, an\u00e9lk\u00fcl hogy ezt k\u00fcl\u00f6n magyar\u00e1zni kellene.<\/p>\n\n\n\n<p style=\"margin-top:0;margin-bottom:0\">Fontos szempont az is, hogy a log\u00f3 k\u00f6nnyen felismerhet\u0151 legyen ak\u00e1r kisebb m\u00e9retben is, \u00e9s k\u00fcl\u00f6nb\u00f6z\u0151 fel\u00fcleteken egyar\u00e1nt j\u00f3l m\u0171k\u00f6dj\u00f6n. Ugyan\u00fagy helyt kell \u00e1llnia egy weboldalon vagy k\u00f6z\u00f6ss\u00e9gi fel\u00fcleten, mint nyomtatott anyagokon, ruh\u00e1zaton vagy ak\u00e1r rekl\u00e1mt\u00e1rgyakon. Eszt\u00e9tikusnak kell maradnia sz\u00ednes v\u00e1ltozatban, de akkor is m\u0171k\u00f6dnie kell, ha csak egyetlen sz\u00ednben jelenik meg.<\/p>\n\n\n\n<p>Egyetlen embl\u00e9ma m\u00f6g\u00f6tt teh\u00e1t sz\u00e1mtalan d\u00f6nt\u00e9s \u00e9s szempont \u00e1ll: az egyszer\u0171s\u00e9g \u00e9s az egyedis\u00e9g egyens\u00falya, az olvashat\u00f3s\u00e1g, a formai harm\u00f3nia, a sokoldal\u00fa felhaszn\u00e1lhat\u00f3s\u00e1g \u00e9s a tart\u00f3ss\u00e1g. Ezek egy\u00fctt alak\u00edtj\u00e1k ki azt a vizu\u00e1lis jelet, amely hossz\u00fa id\u0151n kereszt\u00fcl k\u00e9pviseli majd a v\u00e1llalkoz\u00e1st.<\/p>\n<\/div>\n\n\n\n<div class=\"wp-block-uagb-container sevices_textbox uagb-block-65113ce5\">\n<h3 class=\"wp-block-heading\">A vizu\u00e1lis kommunik\u00e1ci\u00f3 \u00faj korszaka. Modern arculattervez\u00e9s<\/h3>\n\n\n\n<p>A k\u00e9sz grafikai anyagok \u00e9s rekl\u00e1mfel\u00fcletek ma m\u00e1r egyre nagyobb ar\u00e1nyban digit\u00e1lis form\u00e1ban ker\u00fclnek \u00e1tad\u00e1sra \u00e9s felhaszn\u00e1l\u00e1sra. A hagyom\u00e1nyos nyomtatott megjelen\u00e9sek mellett \u2013 vagy sok esetben azok helyett \u2013 a v\u00e1llalkoz\u00e1sok els\u0151sorban az online t\u00e9rben jelennek meg, p\u00e9ld\u00e1ul k\u00f6z\u00f6ss\u00e9gi m\u00e9diafel\u00fcleteken \u00e9s k\u00fcl\u00f6nb\u00f6z\u0151 internetes platformokon. A vizu\u00e1lis kommunik\u00e1ci\u00f3 f\u0151 sz\u00ednter\u00e9v\u00e9 a digit\u00e1lis fel\u00fcletek v\u00e1ltak, ahol a tartalmak gyorsan \u00e9s sz\u00e9les k\u00f6rben juttathat\u00f3k el a c\u00e9lk\u00f6z\u00f6ns\u00e9ghez.<\/p>\n\n\n\n<p>Az online megjelen\u00e9sek t\u00e9rnyer\u00e9se k\u00fcl\u00f6n\u00f6sen a mozg\u00f3k\u00e9pes tartalmakat hozta k\u00f6zelebb a kisebb v\u00e1llalkoz\u00e1sok sz\u00e1m\u00e1ra is. Ami kor\u00e1bban csak jelent\u0151s k\u00f6lts\u00e9ggel megval\u00f3s\u00edthat\u00f3 rekl\u00e1mfilm vagy anim\u00e1ci\u00f3 volt, ma m\u00e1r sokkal el\u00e9rhet\u0151bb\u00e9 v\u00e1lt. A vide\u00f3s tartalmak a k\u00f6z\u00f6ss\u00e9gi fel\u00fcleteken kiemelt szerepet kapnak, \u00e9s hat\u00e9kony eszk\u00f6zt jelentenek a figyelem felkelt\u00e9s\u00e9re, az \u00fczenetek \u00e1tad\u00e1s\u00e1ra \u00e9s a m\u00e1rka ismerts\u00e9g\u00e9nek n\u00f6vel\u00e9s\u00e9re.<\/p>\n\n\n\n<p>Az \u00e1ll\u00f3k\u00e9pes megjelen\u00e9seknek ugyanakkor alkalmazkodniuk kell a k\u00f6z\u00f6ss\u00e9gi m\u00e9dia saj\u00e1toss\u00e1gaihoz. Minden fel\u00fcletnek megvannak a maga formai \u00e9s technikai k\u00f6vetelm\u00e9nyei: k\u00fcl\u00f6nb\u00f6z\u0151 k\u00e9par\u00e1nyok, m\u00e9retek, elhelyez\u00e9si szab\u00e1lyok \u00e9s megjelen\u00e9si m\u00f3dok hat\u00e1rozz\u00e1k meg, hogyan \u00e9rdemes egy grafik\u00e1t elk\u00e9sz\u00edteni. Ezek a felt\u00e9telek r\u00e1ad\u00e1sul viszonylag gyakran v\u00e1ltoznak, ez\u00e9rt a tervez\u00e9s sor\u00e1n fontos figyelembe venni az aktu\u00e1lis el\u0151\u00edr\u00e1sokat \u00e9s trendeket.<\/p>\n\n\n\n<p style=\"margin-top:0.22rem;margin-bottom:0.22rem\">A digit\u00e1lis megjelen\u00e9sek vil\u00e1g\u00e1ban a rugalmass\u00e1g \u00e9s az alkalmazkod\u00f3k\u00e9pess\u00e9g k\u00fcl\u00f6n\u00f6sen fontos. Egy j\u00f3l elk\u00e9sz\u00edtett grafikai anyagnak t\u00f6bbf\u00e9le m\u00e9retben \u00e9s form\u00e1tumban is haszn\u00e1lhat\u00f3nak kell lennie, hogy k\u00fcl\u00f6nb\u00f6z\u0151 fel\u00fcleteken \u2013 hirdet\u00e9sekben, k\u00f6z\u00f6ss\u00e9gi oldalak bejegyz\u00e9seiben vagy ak\u00e1r weboldalon \u2013 egyar\u00e1nt megfelel\u0151en jelenjen meg. Ez a szeml\u00e9let ma m\u00e1r a grafikai tervez\u00e9s term\u00e9szetes r\u00e9sze, hiszen a v\u00e1llalkoz\u00e1sok kommunik\u00e1ci\u00f3ja els\u0151sorban az online t\u00e9rben zajlik.<\/p>\n<\/div>\n<\/div>\n<\/div>\n\n\n\n<div class=\"wp-block-uagb-separator uagb-block-850cf56b wp-block-uagb-separator--text them_block_separator\"><div class=\"wp-block-uagb-separator__inner\" style=\"--my-background-image:url(&quot;data:image\/svg+xml,%3Csvg width='16' height='16' viewBox='0 0 16 16' fill='none' xmlns='http:\/\/www.w3.org\/2000\/svg'%3E%3Cpath d='M6.4 0H16L9.6 16H0L6.4 0Z' fill='black'\/%3E%3C\/svg%3E&quot;)\"><div class=\"wp-block-uagb-separator-element\"><h4 class=\"uagb-html-tag\">Our partners<\/h4><\/div><\/div><\/div>\n\n\n\n<div class=\"wp-block-uagb-container partners uagb-block-268f8a63 default uagb-is-root-container\">\n<div class=\"wp-block-group partner is-layout-flex wp-block-group-is-layout-flex\">\n<figure class=\"wp-block-image size-full partner_logo\"><img loading=\"lazy\" decoding=\"async\" width=\"1024\" height=\"388\" src=\"https:\/\/omag.hu\/wp-content\/uploads\/2026\/03\/PSE-black.png\" alt=\"PlatinumSport\" class=\"wp-image-2247\" srcset=\"https:\/\/omag.hu\/wp-content\/uploads\/2026\/03\/PSE-black.png 1024w, https:\/\/omag.hu\/wp-content\/uploads\/2026\/03\/PSE-black-300x114.png 300w, https:\/\/omag.hu\/wp-content\/uploads\/2026\/03\/PSE-black-768x291.png 768w, https:\/\/omag.hu\/wp-content\/uploads\/2026\/03\/PSE-black-600x227.png 600w\" sizes=\"auto, (max-width: 1024px) 100vw, 1024px\" \/><\/figure>\n\n\n\n<figure class=\"wp-block-image size-full partner_logo\"><img loading=\"lazy\" decoding=\"async\" width=\"1812\" height=\"426\" src=\"https:\/\/omag.hu\/wp-content\/uploads\/2026\/03\/msosz-logo.png\" alt=\"msosz logo\" class=\"wp-image-2243\" srcset=\"https:\/\/omag.hu\/wp-content\/uploads\/2026\/03\/msosz-logo.png 1812w, https:\/\/omag.hu\/wp-content\/uploads\/2026\/03\/msosz-logo-300x71.png 300w, https:\/\/omag.hu\/wp-content\/uploads\/2026\/03\/msosz-logo-1024x241.png 1024w, https:\/\/omag.hu\/wp-content\/uploads\/2026\/03\/msosz-logo-768x181.png 768w, https:\/\/omag.hu\/wp-content\/uploads\/2026\/03\/msosz-logo-1536x361.png 1536w, https:\/\/omag.hu\/wp-content\/uploads\/2026\/03\/msosz-logo-600x141.png 600w\" sizes=\"auto, (max-width: 1812px) 100vw, 1812px\" \/><\/figure>\n\n\n\n<figure class=\"wp-block-image size-full partner_logo\"><img loading=\"lazy\" decoding=\"async\" width=\"872\" height=\"286\" src=\"https:\/\/omag.hu\/wp-content\/uploads\/2026\/03\/altherm_logo-1-removebg-preview.png\" alt=\"Altherm\" class=\"wp-image-2266\" srcset=\"https:\/\/omag.hu\/wp-content\/uploads\/2026\/03\/altherm_logo-1-removebg-preview.png 872w, https:\/\/omag.hu\/wp-content\/uploads\/2026\/03\/altherm_logo-1-removebg-preview-300x98.png 300w, https:\/\/omag.hu\/wp-content\/uploads\/2026\/03\/altherm_logo-1-removebg-preview-768x252.png 768w, https:\/\/omag.hu\/wp-content\/uploads\/2026\/03\/altherm_logo-1-removebg-preview-600x197.png 600w\" sizes=\"auto, (max-width: 872px) 100vw, 872px\" \/><\/figure>\n\n\n\n<figure class=\"wp-block-image size-full partner_logo\"><img loading=\"lazy\" decoding=\"async\" width=\"300\" height=\"57\" src=\"https:\/\/omag.hu\/wp-content\/uploads\/2026\/03\/nirokinglogo_t6rrs7.png\" alt=\"niroking logo\" class=\"wp-image-2245\"\/><\/figure>\n\n\n\n<figure class=\"wp-block-image size-full partner_logo\"><img loading=\"lazy\" decoding=\"async\" width=\"731\" height=\"341\" src=\"https:\/\/omag.hu\/wp-content\/uploads\/2026\/03\/EWS-GROUP-SRO.png\" alt=\"EWS Group SRO logo\" class=\"wp-image-2283\" srcset=\"https:\/\/omag.hu\/wp-content\/uploads\/2026\/03\/EWS-GROUP-SRO.png 731w, https:\/\/omag.hu\/wp-content\/uploads\/2026\/03\/EWS-GROUP-SRO-300x140.png 300w, https:\/\/omag.hu\/wp-content\/uploads\/2026\/03\/EWS-GROUP-SRO-600x280.png 600w\" sizes=\"auto, (max-width: 731px) 100vw, 731px\" \/><\/figure>\n\n\n\n<figure class=\"wp-block-image size-full partner_logo\"><img loading=\"lazy\" decoding=\"async\" width=\"434\" height=\"170\" src=\"https:\/\/omag.hu\/wp-content\/uploads\/2026\/03\/Frederick-Hekkelberg-logo-black.png\" alt=\"Frederick Hekkelberg Germany\" class=\"wp-image-2328\" srcset=\"https:\/\/omag.hu\/wp-content\/uploads\/2026\/03\/Frederick-Hekkelberg-logo-black.png 434w, https:\/\/omag.hu\/wp-content\/uploads\/2026\/03\/Frederick-Hekkelberg-logo-black-300x118.png 300w\" sizes=\"auto, (max-width: 434px) 100vw, 434px\" \/><\/figure>\n<\/div>\n\n\n\n<div class=\"wp-block-group partner is-layout-flex wp-block-group-is-layout-flex\">\n<figure class=\"wp-block-image size-full partner_logo\"><img loading=\"lazy\" decoding=\"async\" width=\"78\" height=\"15\" src=\"https:\/\/omag.hu\/wp-content\/uploads\/2026\/03\/Hudi-Hudi-Co-Logos-black.svg\" alt=\"hudi hudi logo\" class=\"wp-image-2673\"\/><\/figure>\n\n\n\n<figure class=\"wp-block-image size-full partner_logo\"><img loading=\"lazy\" decoding=\"async\" width=\"2205\" height=\"1654\" src=\"https:\/\/omag.hu\/wp-content\/uploads\/2026\/03\/Swietelsky.svg\" alt=\"swietelsky logo\" class=\"wp-image-2669\"\/><\/figure>\n\n\n\n<figure class=\"wp-block-image size-full partner_logo\"><img loading=\"lazy\" decoding=\"async\" width=\"1045\" height=\"976\" src=\"https:\/\/omag.hu\/wp-content\/uploads\/2026\/03\/Unibag.svg\" alt=\"unibag logo\" class=\"wp-image-2667\"\/><\/figure>\n\n\n\n<figure class=\"wp-block-image size-full partner_logo\"><img loading=\"lazy\" decoding=\"async\" width=\"100\" height=\"100\" src=\"https:\/\/omag.hu\/wp-content\/uploads\/2026\/03\/xerox.svg\" alt=\"xerox logo\" class=\"wp-image-2665\"\/><\/figure>\n\n\n\n<figure class=\"wp-block-image size-full partner_logo\"><img loading=\"lazy\" decoding=\"async\" width=\"100\" height=\"100\" src=\"https:\/\/omag.hu\/wp-content\/uploads\/2026\/03\/HBO.svg\" alt=\"hbo logo\" class=\"wp-image-2661\"\/><\/figure>\n\n\n\n<figure class=\"wp-block-image size-full partner_logo\"><img loading=\"lazy\" decoding=\"async\" width=\"100\" height=\"100\" src=\"https:\/\/omag.hu\/wp-content\/uploads\/2026\/03\/hyundai.svg\" alt=\"hyunday logo\" class=\"wp-image-2663\"\/><\/figure>\n<\/div>\n<\/div>\n","protected":false},"excerpt":{"rendered":"<p>Minden valahol kezd\u0151dik! Egy v\u00e1llalkoz\u00e1s arculata az egyik legfontosabb alap, amelyre minden k\u00e9s\u0151bbi megjelen\u00e9s \u00e9p\u00fcl. Ez az els\u0151 vizu\u00e1lis kapcsolat a c\u00e9ged \u00e9s az \u00e9rdekl\u0151d\u0151k k\u00f6z\u00f6tt, ez\u00e9rt meghat\u00e1roz\u00f3 szerepe van abban, milyen benyom\u00e1st keltesz m\u00e1sokban. A j\u00f3l megv\u00e1lasztott sz\u00ednek, form\u00e1k \u00e9s grafikai elemek nemcsak felismerhet\u0151v\u00e9 tesznek, hanem hangulatot k\u00f6zvet\u00edtenek, \u00e9rt\u00e9keket sugallnak, \u00e9s m\u00e1r az els\u0151 [&hellip;]<\/p>\n","protected":false},"author":1,"featured_media":2290,"parent":2904,"menu_order":0,"comment_status":"closed","ping_status":"closed","template":"","meta":{"_acf_changed":false,"_seopress_robots_primary_cat":"","_seopress_titles_title":"Egyedi Log\u00f3tervez\u00e9s, Arculat \u00e9s Grafikai Design \u2013 OMAG","_seopress_titles_desc":"\u00c1tgondolt vizu\u00e1lis identit\u00e1s: egyedi log\u00f3tervez\u00e9s, teljes arculat\u00e9p\u00edt\u00e9s \u00e9s kreat\u00edv grafikai megold\u00e1sok az OMAG-t\u00f3l. Eszt\u00e9tikai tisztas\u00e1g minden pixelben.","_seopress_robots_index":"","inline_featured_image":false,"_uag_custom_page_level_css":"","footnotes":""},"class_list":["post-2056","page","type-page","status-publish","has-post-thumbnail","hentry"],"acf":[],"uagb_featured_image_src":{"full":["https:\/\/omag.hu\/wp-content\/uploads\/2026\/03\/omag-page-featured-image.jpg",1920,1080,false],"thumbnail":["https:\/\/omag.hu\/wp-content\/uploads\/2026\/03\/omag-page-featured-image-150x150.jpg",150,150,true],"medium":["https:\/\/omag.hu\/wp-content\/uploads\/2026\/03\/omag-page-featured-image-300x169.jpg",300,169,true],"medium_large":["https:\/\/omag.hu\/wp-content\/uploads\/2026\/03\/omag-page-featured-image-768x432.jpg",768,432,true],"large":["https:\/\/omag.hu\/wp-content\/uploads\/2026\/03\/omag-page-featured-image-1024x576.jpg",1024,576,true],"1536x1536":["https:\/\/omag.hu\/wp-content\/uploads\/2026\/03\/omag-page-featured-image-1536x864.jpg",1536,864,true],"2048x2048":["https:\/\/omag.hu\/wp-content\/uploads\/2026\/03\/omag-page-featured-image.jpg",1920,1080,false],"gform-image-choice-sm":["https:\/\/omag.hu\/wp-content\/uploads\/2026\/03\/omag-page-featured-image.jpg",300,169,false],"gform-image-choice-md":["https:\/\/omag.hu\/wp-content\/uploads\/2026\/03\/omag-page-featured-image.jpg",400,225,false],"gform-image-choice-lg":["https:\/\/omag.hu\/wp-content\/uploads\/2026\/03\/omag-page-featured-image.jpg",600,338,false],"woocommerce_thumbnail":["https:\/\/omag.hu\/wp-content\/uploads\/2026\/03\/omag-page-featured-image-300x300.jpg",300,300,true],"woocommerce_single":["https:\/\/omag.hu\/wp-content\/uploads\/2026\/03\/omag-page-featured-image-600x338.jpg",600,338,true],"woocommerce_gallery_thumbnail":["https:\/\/omag.hu\/wp-content\/uploads\/2026\/03\/omag-page-featured-image-100x100.jpg",100,100,true]},"uagb_author_info":{"display_name":"oolee","author_link":"https:\/\/omag.hu\/hu\/author\/olee\/"},"uagb_comment_info":0,"uagb_excerpt":"Minden valahol kezd\u0151dik! Egy v\u00e1llalkoz\u00e1s arculata az egyik legfontosabb alap, amelyre minden k\u00e9s\u0151bbi megjelen\u00e9s \u00e9p\u00fcl. Ez az els\u0151 vizu\u00e1lis kapcsolat a c\u00e9ged \u00e9s az \u00e9rdekl\u0151d\u0151k k\u00f6z\u00f6tt, ez\u00e9rt meghat\u00e1roz\u00f3 szerepe van abban, milyen benyom\u00e1st keltesz m\u00e1sokban. A j\u00f3l megv\u00e1lasztott sz\u00ednek, form\u00e1k \u00e9s grafikai elemek nemcsak felismerhet\u0151v\u00e9 tesznek, hanem hangulatot k\u00f6zvet\u00edtenek, \u00e9rt\u00e9keket sugallnak, \u00e9s m\u00e1r az els\u0151&hellip;","_links":{"self":[{"href":"https:\/\/omag.hu\/hu\/wp-json\/wp\/v2\/pages\/2056","targetHints":{"allow":["GET"]}}],"collection":[{"href":"https:\/\/omag.hu\/hu\/wp-json\/wp\/v2\/pages"}],"about":[{"href":"https:\/\/omag.hu\/hu\/wp-json\/wp\/v2\/types\/page"}],"author":[{"embeddable":true,"href":"https:\/\/omag.hu\/hu\/wp-json\/wp\/v2\/users\/1"}],"replies":[{"embeddable":true,"href":"https:\/\/omag.hu\/hu\/wp-json\/wp\/v2\/comments?post=2056"}],"version-history":[{"count":6,"href":"https:\/\/omag.hu\/hu\/wp-json\/wp\/v2\/pages\/2056\/revisions"}],"predecessor-version":[{"id":2622,"href":"https:\/\/omag.hu\/hu\/wp-json\/wp\/v2\/pages\/2056\/revisions\/2622"}],"up":[{"embeddable":true,"href":"https:\/\/omag.hu\/hu\/wp-json\/wp\/v2\/pages\/2904"}],"wp:featuredmedia":[{"embeddable":true,"href":"https:\/\/omag.hu\/hu\/wp-json\/wp\/v2\/media\/2290"}],"wp:attachment":[{"href":"https:\/\/omag.hu\/hu\/wp-json\/wp\/v2\/media?parent=2056"}],"curies":[{"name":"wp","href":"https:\/\/api.w.org\/{rel}","templated":true}]}}