{"id":2135,"date":"2026-03-04T15:59:08","date_gmt":"2026-03-04T14:59:08","guid":{"rendered":"https:\/\/omag.hu\/?page_id=2135"},"modified":"2026-04-22T18:42:51","modified_gmt":"2026-04-22T16:42:51","slug":"mozgokep","status":"publish","type":"page","link":"https:\/\/omag.hu\/hu\/szolgaltatasok\/mozgokep\/","title":{"rendered":"Mozg\u00f3k\u00e9p, Vide\u00f3, Film"},"content":{"rendered":"\n<div class=\"wp-block-uagb-container content_block uagb-block-925f5a04 alignfull uagb-is-root-container\">\n<div class=\"wp-block-uagb-container content_block_column content_block_column_base_gap uagb-block-d82873a0\">\n<div class=\"wp-block-uagb-container sevices_textbox uagb-block-8b101b67\">\n<div class=\"wp-block-uagb-container textbox_head uagb-block-adaf0e59\">\n<div class=\"wp-block-uagb-image uagb-block-e9e471b6 wp-block-uagb-image--layout-default wp-block-uagb-image--effect-static wp-block-uagb-image--align-none\"><figure class=\"wp-block-uagb-image__figure\"><img decoding=\"async\" srcset=\"https:\/\/omag.hu\/wp-content\/uploads\/2026\/03\/apesmiles_video.png ,https:\/\/omag.hu\/wp-content\/uploads\/2026\/03\/apesmiles_video.png 780w, https:\/\/omag.hu\/wp-content\/uploads\/2026\/03\/apesmiles_video.png 360w\" sizes=\"auto, (max-width: 480px) 150px\" src=\"https:\/\/omag.hu\/wp-content\/uploads\/2026\/03\/apesmiles_video.png\" alt=\"omag video\" class=\"uag-image-2495\" width=\"300\" height=\"386\" title=\"apesmiles_video\" loading=\"lazy\" role=\"img\"\/><\/figure><\/div>\n\n\n\n<div class=\"wp-block-uagb-container uagb-block-01213b78\">\n<h2 class=\"wp-block-heading\"><strong>K\u00e9p \u00e9s hang<\/strong><\/h2>\n\n\n\n<h5 class=\"wp-block-heading has-text-color has-link-color wp-elements-a9802a037a7d693a9fb63d2a18c85835\" style=\"color:#05202df0\"><em>amikor a figyelem m\u00e9rhet\u0151 eredm\u00e9nny\u00e9 v\u00e1lik<\/em><\/h5>\n<\/div>\n<\/div>\n\n\n\n<p>A mozg\u00f3k\u00e9pes rekl\u00e1m nem divat, hanem \u00fczleti eszk\u00f6z. A vide\u00f3s tartalom bizony\u00edtottan hosszabb ideig tartja fenn a figyelmet, mint a statikus hirdet\u00e9sek, mert egyszerre hat vizu\u00e1lisan \u00e9s \u00e9rzelmileg. Ez nem eszt\u00e9tikai k\u00e9rd\u00e9s, hanem m\u00e9rhet\u0151 teljes\u00edtm\u00e9ny: magasabb elk\u00f6telez\u0151d\u00e9s, er\u0151sebb m\u00e1rkaeml\u00e9kezet \u00e9s jobb konverzi\u00f3s ar\u00e1ny jellemzi.<\/p>\n\n\n\n<p>Egy j\u00f3l fel\u00e9p\u00edtett rekl\u00e1m r\u00f6vid id\u0151 alatt k\u00e9pes bemutatni a probl\u00e9m\u00e1t, a megold\u00e1st \u00e9s az eredm\u00e9nyt, mik\u00f6zben cs\u00f6kkenti a v\u00e1s\u00e1rl\u00e1si bizonytalans\u00e1got. A nagy hirdet\u00e9si platformok, mint a Meta Platforms vagy a Google rendszerei is el\u0151nyben r\u00e9szes\u00edtik a vide\u00f3s tartalmakat, mert a felhaszn\u00e1l\u00f3k t\u00f6bb id\u0151t t\u00f6ltenek vel\u00fck.<\/p>\n\n\n\n<p>A mozg\u00f3k\u00e9pes rekl\u00e1m teh\u00e1t nem \u201esz\u00e9p kieg\u00e9sz\u00edt\u0151\u201d, hanem olyan kommunik\u00e1ci\u00f3s forma, amely figyelmet szerez, bizalmat \u00e9p\u00edt \u00e9s \u00fczleti eredm\u00e9nyt termel.<\/p>\n<\/div>\n\n\n\n<figure class=\"wp-block-image size-full has-custom-border\"><img loading=\"lazy\" decoding=\"async\" width=\"1920\" height=\"1054\" src=\"https:\/\/omag.hu\/wp-content\/uploads\/2026\/03\/KapuvarRun-pikkelyes-animacio-blender.jpg\" alt=\"Blender\" class=\"wp-image-2140\" style=\"border-top-left-radius:8px;border-top-right-radius:8px;border-bottom-left-radius:8px;border-bottom-right-radius:8px\" srcset=\"https:\/\/omag.hu\/wp-content\/uploads\/2026\/03\/KapuvarRun-pikkelyes-animacio-blender.jpg 1920w, https:\/\/omag.hu\/wp-content\/uploads\/2026\/03\/KapuvarRun-pikkelyes-animacio-blender-300x165.jpg 300w, https:\/\/omag.hu\/wp-content\/uploads\/2026\/03\/KapuvarRun-pikkelyes-animacio-blender-1024x562.jpg 1024w, https:\/\/omag.hu\/wp-content\/uploads\/2026\/03\/KapuvarRun-pikkelyes-animacio-blender-768x422.jpg 768w, https:\/\/omag.hu\/wp-content\/uploads\/2026\/03\/KapuvarRun-pikkelyes-animacio-blender-1536x843.jpg 1536w, https:\/\/omag.hu\/wp-content\/uploads\/2026\/03\/KapuvarRun-pikkelyes-animacio-blender-600x329.jpg 600w\" sizes=\"auto, (max-width: 1920px) 100vw, 1920px\" \/><\/figure>\n\n\n\n<div class=\"wp-block-uagb-container sevices_textbox uagb-block-0648cb09\">\n<div class=\"wp-block-uagb-info-box uagb-block-a106dea6 uagb-infobox__content-wrap  uagb-infobox-icon-above-title uagb-infobox-image-valign-top\"><div class=\"uagb-ifb-content\"><div class=\"uagb-ifb-icon-wrap\"><svg xmlns=\"https:\/\/www.w3.org\/2000\/svg\" viewBox=\"0 0 576 512\"><path d=\"M549.7 124.1c-6.281-23.65-24.79-42.28-48.28-48.6C458.8 64 288 64 288 64S117.2 64 74.63 75.49c-23.5 6.322-42 24.95-48.28 48.6-11.41 42.87-11.41 132.3-11.41 132.3s0 89.44 11.41 132.3c6.281 23.65 24.79 41.5 48.28 47.82C117.2 448 288 448 288 448s170.8 0 213.4-11.49c23.5-6.321 42-24.17 48.28-47.82 11.41-42.87 11.41-132.3 11.41-132.3s0-89.44-11.41-132.3zm-317.5 213.5V175.2l142.7 81.21-142.7 81.2z\"><\/path><\/svg><\/div><div class=\"uagb-ifb-title-wrap\"><h3 class=\"uagb-ifb-title\"><a href=\"https:\/\/www.youtube.com\/channel\/UCY55jCMoz_lpB26UaAf7t7A\">Referencia vide\u00f3<\/a><\/h3><\/div><p class=\"uagb-ifb-desc\">L\u00e1togass el a YouTube-csatorn\u00e1mra, ahol a megl\u00e9v\u0151 vide\u00f3k mellett rendszeresen osztok meg friss anyagokat is.<\/p><\/div><\/div>\n<\/div>\n<\/div>\n\n\n\n<div class=\"wp-block-uagb-container content_block_column content_block_column_base_gap uagb-block-38e8d7ba\">\n<figure class=\"wp-block-image size-large has-custom-border\" style=\"margin-top:0;margin-bottom:0\"><img loading=\"lazy\" decoding=\"async\" width=\"1024\" height=\"562\" src=\"https:\/\/omag.hu\/wp-content\/uploads\/2026\/03\/KapuvarRun-pikkelyes-animacio-davinci-1024x562.jpg\" alt=\"Davinci Resolve\" class=\"wp-image-2142\" style=\"border-top-left-radius:8px;border-top-right-radius:8px;border-bottom-left-radius:8px;border-bottom-right-radius:8px\" srcset=\"https:\/\/omag.hu\/wp-content\/uploads\/2026\/03\/KapuvarRun-pikkelyes-animacio-davinci-1024x562.jpg 1024w, https:\/\/omag.hu\/wp-content\/uploads\/2026\/03\/KapuvarRun-pikkelyes-animacio-davinci-300x165.jpg 300w, https:\/\/omag.hu\/wp-content\/uploads\/2026\/03\/KapuvarRun-pikkelyes-animacio-davinci-768x422.jpg 768w, https:\/\/omag.hu\/wp-content\/uploads\/2026\/03\/KapuvarRun-pikkelyes-animacio-davinci-1536x843.jpg 1536w, https:\/\/omag.hu\/wp-content\/uploads\/2026\/03\/KapuvarRun-pikkelyes-animacio-davinci-2048x1124.jpg 2048w, https:\/\/omag.hu\/wp-content\/uploads\/2026\/03\/KapuvarRun-pikkelyes-animacio-davinci-600x329.jpg 600w, https:\/\/omag.hu\/wp-content\/uploads\/2026\/03\/KapuvarRun-pikkelyes-animacio-davinci.jpg 2560w\" sizes=\"auto, (max-width: 1024px) 100vw, 1024px\" \/><\/figure>\n\n\n\n<div class=\"wp-block-uagb-container sevices_textbox uagb-block-cc5dfc7f\">\n<h2 class=\"wp-block-heading\" style=\"margin-top:0;margin-bottom:var(--wp--preset--spacing--20)\">Platformstrat\u00e9gia mozg\u00f3k\u00e9p, VIDE\u00d3 tartalomhoz<\/h2>\n\n\n\n<p>A vide\u00f3s tartalom hat\u00e9konys\u00e1ga nemcsak az \u00fczeneten m\u00falik, hanem azon is, hogy az adott platformhoz igazodik-e. A YouTube fel\u00fclet\u00e9n a n\u00e9z\u0151k tudatosabban keresnek tartalmat, ez\u00e9rt itt m\u0171k\u00f6dnek a hosszabb, 30\u2013120 m\u00e1sodperces, r\u00e9szletesebb bemutat\u00f3k, s\u0151t edukat\u00edv vagy term\u00e9kmagyar\u00e1z\u00f3 vide\u00f3k is. A k\u00e9par\u00e1ny jellemz\u0151en 16:9, a hangs\u00faly a tartalmi m\u00e9lys\u00e9gen van.<\/p>\n\n\n\n<p>A Facebook eset\u00e9ben a figyelem gyorsabban elterel\u0151dik, ez\u00e9rt a 15\u201330 m\u00e1sodperces, az els\u0151 m\u00e1sodpercekben er\u0151s vizu\u00e1lis ind\u00edt\u00e1ssal dolgoz\u00f3 vide\u00f3k teljes\u00edtenek jobban. A n\u00e9gyzetes vagy \u00e1ll\u00f3 form\u00e1tum itt el\u0151nyt jelent mobilon.<\/p>\n\n\n\n<p>A TikTok kifejezetten vertik\u00e1lis, r\u00f6vid \u2013 jellemz\u0151en 10\u201325 m\u00e1sodperces \u2013 tartalmakra \u00e9p\u00fcl. Itt a dinamika, a gyors v\u00e1g\u00e1s \u00e9s az azonnali \u00fczenet\u00e1tad\u00e1s a kulcs.<\/p>\n\n\n\n<p>A hat\u00e9kony vide\u00f3 teh\u00e1t nem univerz\u00e1lis: a form\u00e1tum, a hossz \u00e9s a ritmus mindig az adott fel\u00fclet haszn\u00e1lati szok\u00e1saihoz igazodik.<\/p>\n<\/div>\n\n\n\n<div class=\"wp-block-uagb-container sevices_textbox uagb-block-65113ce5\">\n<h3 class=\"wp-block-heading\">Mozg\u00f3k\u00e9p t\u00f6bb megk\u00f6zel\u00edt\u00e9sben<\/h3>\n\n\n\n<p>Egy vide\u00f3 nem egyetlen form\u00e1tumot jelent, hanem t\u00f6bbf\u00e9le megk\u00f6zel\u00edt\u00e9st. K\u00e9sz\u00fclhet \u00e9l\u0151 felv\u00e9telekb\u0151l, amelyek v\u00e1g\u00e1ssal, ritmussal \u00e9s narr\u00e1ci\u00f3val kapnak v\u00e9gs\u0151 form\u00e1t. Ugyanakkor \u00e9p\u00fclhet teljes eg\u00e9sz\u00e9ben anim\u00e1ci\u00f3ra is, legyen sz\u00f3 letisztult 2D grafik\u00e1r\u00f3l vagy r\u00e9szletesebb, t\u00e9rhat\u00e1s\u00fa 3D megold\u00e1sr\u00f3l. A k\u00e9t vil\u00e1g kombin\u00e1lhat\u00f3 is: val\u00f3s k\u00e9pi anyag kieg\u00e9sz\u00edthet\u0151 anim\u00e1lt elemekkel, magyar\u00e1z\u00f3 grafik\u00e1kkal vagy vizu\u00e1lis effektekkel. A v\u00e1laszt\u00e1s mindig az \u00fczenett\u0151l, a c\u00e9lk\u00f6z\u00f6ns\u00e9gt\u0151l \u00e9s a kommunik\u00e1ci\u00f3 c\u00e9lj\u00e1t\u00f3l f\u00fcgg.<\/p>\n<\/div>\n<\/div>\n<\/div>\n\n\n<div id=\"code_block-6-2462\" class=\"ct-code-block\" ><div class=\"tiles_rows\" style=\"gap:20px\"><div class=\"tiles_row\" style=\"gap:20px\"><div class=\"tile moving_pic\"><a href=\"https:\/\/www.youtube.com\/channel\/UCY55jCMoz_lpB26UaAf7t7A\"><div class=\"img_container\"><img decoding=\"async\" src=\"https:\/\/omag.hu\/wp-content\/uploads\/2026\/03\/omag-page-featured-image.jpg\" alt=\"N\u00e9zd meg a vide\u00f3inkat a youtube-on!\" class=\"ct-image\" style=\"height:200px\"><\/div><h3 class=\"tile_title\">N\u00e9zd meg a vide\u00f3inkat a youtube-on!<\/h3><\/a><\/div><\/div><\/div><\/div>\n\n\n<div class=\"wp-block-uagb-separator uagb-block-850cf56b wp-block-uagb-separator--text them_block_separator\"><div class=\"wp-block-uagb-separator__inner\" style=\"--my-background-image:url(&quot;data:image\/svg+xml,%3Csvg width='16' height='16' viewBox='0 0 16 16' fill='none' xmlns='http:\/\/www.w3.org\/2000\/svg'%3E%3Cpath d='M6.4 0H16L9.6 16H0L6.4 0Z' fill='black'\/%3E%3C\/svg%3E&quot;)\"><div class=\"wp-block-uagb-separator-element\"><h4 class=\"uagb-html-tag\">Partnereink<\/h4><\/div><\/div><\/div>\n\n\n\n<div class=\"wp-block-uagb-container partners uagb-block-268f8a63 default uagb-is-root-container\">\n<div class=\"wp-block-group partner is-layout-flex wp-block-group-is-layout-flex\">\n<figure class=\"wp-block-image size-full partner_logo\"><img loading=\"lazy\" decoding=\"async\" width=\"1024\" height=\"388\" src=\"https:\/\/omag.hu\/wp-content\/uploads\/2026\/03\/PSE-black.png\" alt=\"PlatinumSport\" class=\"wp-image-2247\" srcset=\"https:\/\/omag.hu\/wp-content\/uploads\/2026\/03\/PSE-black.png 1024w, https:\/\/omag.hu\/wp-content\/uploads\/2026\/03\/PSE-black-300x114.png 300w, https:\/\/omag.hu\/wp-content\/uploads\/2026\/03\/PSE-black-768x291.png 768w, https:\/\/omag.hu\/wp-content\/uploads\/2026\/03\/PSE-black-600x227.png 600w\" sizes=\"auto, (max-width: 1024px) 100vw, 1024px\" \/><\/figure>\n\n\n\n<figure class=\"wp-block-image size-full partner_logo\"><img loading=\"lazy\" decoding=\"async\" width=\"1812\" height=\"426\" src=\"https:\/\/omag.hu\/wp-content\/uploads\/2026\/03\/msosz-logo.png\" alt=\"msosz logo\" class=\"wp-image-2243\" srcset=\"https:\/\/omag.hu\/wp-content\/uploads\/2026\/03\/msosz-logo.png 1812w, https:\/\/omag.hu\/wp-content\/uploads\/2026\/03\/msosz-logo-300x71.png 300w, https:\/\/omag.hu\/wp-content\/uploads\/2026\/03\/msosz-logo-1024x241.png 1024w, https:\/\/omag.hu\/wp-content\/uploads\/2026\/03\/msosz-logo-768x181.png 768w, https:\/\/omag.hu\/wp-content\/uploads\/2026\/03\/msosz-logo-1536x361.png 1536w, https:\/\/omag.hu\/wp-content\/uploads\/2026\/03\/msosz-logo-600x141.png 600w\" sizes=\"auto, (max-width: 1812px) 100vw, 1812px\" \/><\/figure>\n\n\n\n<figure class=\"wp-block-image size-full partner_logo\"><img loading=\"lazy\" decoding=\"async\" width=\"872\" height=\"286\" src=\"https:\/\/omag.hu\/wp-content\/uploads\/2026\/03\/altherm_logo-1-removebg-preview.png\" alt=\"Altherm\" class=\"wp-image-2266\" srcset=\"https:\/\/omag.hu\/wp-content\/uploads\/2026\/03\/altherm_logo-1-removebg-preview.png 872w, https:\/\/omag.hu\/wp-content\/uploads\/2026\/03\/altherm_logo-1-removebg-preview-300x98.png 300w, https:\/\/omag.hu\/wp-content\/uploads\/2026\/03\/altherm_logo-1-removebg-preview-768x252.png 768w, https:\/\/omag.hu\/wp-content\/uploads\/2026\/03\/altherm_logo-1-removebg-preview-600x197.png 600w\" sizes=\"auto, (max-width: 872px) 100vw, 872px\" \/><\/figure>\n\n\n\n<figure class=\"wp-block-image size-full partner_logo\"><img loading=\"lazy\" decoding=\"async\" width=\"300\" height=\"57\" src=\"https:\/\/omag.hu\/wp-content\/uploads\/2026\/03\/nirokinglogo_t6rrs7.png\" alt=\"niroking logo\" class=\"wp-image-2245\"\/><\/figure>\n\n\n\n<figure class=\"wp-block-image size-full partner_logo\"><img loading=\"lazy\" decoding=\"async\" width=\"731\" height=\"341\" src=\"https:\/\/omag.hu\/wp-content\/uploads\/2026\/03\/EWS-GROUP-SRO.png\" alt=\"EWS Group SRO logo\" class=\"wp-image-2283\" srcset=\"https:\/\/omag.hu\/wp-content\/uploads\/2026\/03\/EWS-GROUP-SRO.png 731w, https:\/\/omag.hu\/wp-content\/uploads\/2026\/03\/EWS-GROUP-SRO-300x140.png 300w, https:\/\/omag.hu\/wp-content\/uploads\/2026\/03\/EWS-GROUP-SRO-600x280.png 600w\" sizes=\"auto, (max-width: 731px) 100vw, 731px\" \/><\/figure>\n\n\n\n<figure class=\"wp-block-image size-full partner_logo\"><img loading=\"lazy\" decoding=\"async\" width=\"434\" height=\"170\" src=\"https:\/\/omag.hu\/wp-content\/uploads\/2026\/03\/Frederick-Hekkelberg-logo-black.png\" alt=\"Frederick Hekkelberg Germany\" class=\"wp-image-2328\" srcset=\"https:\/\/omag.hu\/wp-content\/uploads\/2026\/03\/Frederick-Hekkelberg-logo-black.png 434w, https:\/\/omag.hu\/wp-content\/uploads\/2026\/03\/Frederick-Hekkelberg-logo-black-300x118.png 300w\" sizes=\"auto, (max-width: 434px) 100vw, 434px\" \/><\/figure>\n<\/div>\n\n\n\n<div class=\"wp-block-group partner is-layout-flex wp-block-group-is-layout-flex\">\n<figure class=\"wp-block-image size-full partner_logo\"><img loading=\"lazy\" decoding=\"async\" width=\"78\" height=\"15\" src=\"https:\/\/omag.hu\/wp-content\/uploads\/2026\/03\/Hudi-Hudi-Co-Logos-black.svg\" alt=\"hudi hudi logo\" class=\"wp-image-2673\"\/><\/figure>\n\n\n\n<figure class=\"wp-block-image size-full partner_logo\"><img loading=\"lazy\" decoding=\"async\" width=\"2205\" height=\"1654\" src=\"https:\/\/omag.hu\/wp-content\/uploads\/2026\/03\/Swietelsky.svg\" alt=\"swietelsky logo\" class=\"wp-image-2669\"\/><\/figure>\n\n\n\n<figure class=\"wp-block-image size-full partner_logo\"><img loading=\"lazy\" decoding=\"async\" width=\"1045\" height=\"976\" src=\"https:\/\/omag.hu\/wp-content\/uploads\/2026\/03\/Unibag.svg\" alt=\"unibag logo\" class=\"wp-image-2667\"\/><\/figure>\n\n\n\n<figure class=\"wp-block-image size-full partner_logo\"><img loading=\"lazy\" decoding=\"async\" width=\"100\" height=\"100\" src=\"https:\/\/omag.hu\/wp-content\/uploads\/2026\/03\/xerox.svg\" alt=\"xerox logo\" class=\"wp-image-2665\"\/><\/figure>\n\n\n\n<figure class=\"wp-block-image size-full partner_logo\"><img loading=\"lazy\" decoding=\"async\" width=\"100\" height=\"100\" src=\"https:\/\/omag.hu\/wp-content\/uploads\/2026\/03\/HBO.svg\" alt=\"hbo logo\" class=\"wp-image-2661\"\/><\/figure>\n\n\n\n<figure class=\"wp-block-image size-full partner_logo\"><img loading=\"lazy\" decoding=\"async\" width=\"100\" height=\"100\" src=\"https:\/\/omag.hu\/wp-content\/uploads\/2026\/03\/hyundai.svg\" alt=\"hyunday logo\" class=\"wp-image-2663\"\/><\/figure>\n<\/div>\n<\/div>\n","protected":false},"excerpt":{"rendered":"<p>K\u00e9p \u00e9s hang amikor a figyelem m\u00e9rhet\u0151 eredm\u00e9nny\u00e9 v\u00e1lik A mozg\u00f3k\u00e9pes rekl\u00e1m nem divat, hanem \u00fczleti eszk\u00f6z. A vide\u00f3s tartalom bizony\u00edtottan hosszabb ideig tartja fenn a figyelmet, mint a statikus hirdet\u00e9sek, mert egyszerre hat vizu\u00e1lisan \u00e9s \u00e9rzelmileg. Ez nem eszt\u00e9tikai k\u00e9rd\u00e9s, hanem m\u00e9rhet\u0151 teljes\u00edtm\u00e9ny: magasabb elk\u00f6telez\u0151d\u00e9s, er\u0151sebb m\u00e1rkaeml\u00e9kezet \u00e9s jobb konverzi\u00f3s ar\u00e1ny jellemzi. Egy j\u00f3l [&hellip;]<\/p>\n","protected":false},"author":1,"featured_media":2290,"parent":2904,"menu_order":0,"comment_status":"closed","ping_status":"closed","template":"","meta":{"_acf_changed":false,"_seopress_robots_primary_cat":"","_seopress_titles_title":"Profi Vide\u00f3 K\u00e9sz\u00edt\u00e9s, V\u00e1g\u00e1s \u00e9s Im\u00e1zsfilmek \u2013 OMAG mozg\u00f3k\u00e9p","_seopress_titles_desc":"L\u00e1tv\u00e1nyos vide\u00f3 bemutat\u00f3k, c\u00e9ges im\u00e1zsfilmek \u00e9s professzion\u00e1lis v\u00e1g\u00e1s. A technikai precizit\u00e1s \u00e9s a vizu\u00e1lis t\u00f6rt\u00e9netmes\u00e9l\u00e9s tal\u00e1lkozik ez az OMAG mozg\u00f3k\u00e9p!","_seopress_robots_index":"","inline_featured_image":false,"_uag_custom_page_level_css":"","footnotes":""},"class_list":["post-2135","page","type-page","status-publish","has-post-thumbnail","hentry"],"acf":[],"uagb_featured_image_src":{"full":["https:\/\/omag.hu\/wp-content\/uploads\/2026\/03\/omag-page-featured-image.jpg",1920,1080,false],"thumbnail":["https:\/\/omag.hu\/wp-content\/uploads\/2026\/03\/omag-page-featured-image-150x150.jpg",150,150,true],"medium":["https:\/\/omag.hu\/wp-content\/uploads\/2026\/03\/omag-page-featured-image-300x169.jpg",300,169,true],"medium_large":["https:\/\/omag.hu\/wp-content\/uploads\/2026\/03\/omag-page-featured-image-768x432.jpg",768,432,true],"large":["https:\/\/omag.hu\/wp-content\/uploads\/2026\/03\/omag-page-featured-image-1024x576.jpg",1024,576,true],"1536x1536":["https:\/\/omag.hu\/wp-content\/uploads\/2026\/03\/omag-page-featured-image-1536x864.jpg",1536,864,true],"2048x2048":["https:\/\/omag.hu\/wp-content\/uploads\/2026\/03\/omag-page-featured-image.jpg",1920,1080,false],"gform-image-choice-sm":["https:\/\/omag.hu\/wp-content\/uploads\/2026\/03\/omag-page-featured-image.jpg",300,169,false],"gform-image-choice-md":["https:\/\/omag.hu\/wp-content\/uploads\/2026\/03\/omag-page-featured-image.jpg",400,225,false],"gform-image-choice-lg":["https:\/\/omag.hu\/wp-content\/uploads\/2026\/03\/omag-page-featured-image.jpg",600,338,false],"woocommerce_thumbnail":["https:\/\/omag.hu\/wp-content\/uploads\/2026\/03\/omag-page-featured-image-300x300.jpg",300,300,true],"woocommerce_single":["https:\/\/omag.hu\/wp-content\/uploads\/2026\/03\/omag-page-featured-image-600x338.jpg",600,338,true],"woocommerce_gallery_thumbnail":["https:\/\/omag.hu\/wp-content\/uploads\/2026\/03\/omag-page-featured-image-100x100.jpg",100,100,true]},"uagb_author_info":{"display_name":"oolee","author_link":"https:\/\/omag.hu\/hu\/author\/olee\/"},"uagb_comment_info":0,"uagb_excerpt":"K\u00e9p \u00e9s hang amikor a figyelem m\u00e9rhet\u0151 eredm\u00e9nny\u00e9 v\u00e1lik A mozg\u00f3k\u00e9pes rekl\u00e1m nem divat, hanem \u00fczleti eszk\u00f6z. A vide\u00f3s tartalom bizony\u00edtottan hosszabb ideig tartja fenn a figyelmet, mint a statikus hirdet\u00e9sek, mert egyszerre hat vizu\u00e1lisan \u00e9s \u00e9rzelmileg. Ez nem eszt\u00e9tikai k\u00e9rd\u00e9s, hanem m\u00e9rhet\u0151 teljes\u00edtm\u00e9ny: magasabb elk\u00f6telez\u0151d\u00e9s, er\u0151sebb m\u00e1rkaeml\u00e9kezet \u00e9s jobb konverzi\u00f3s ar\u00e1ny jellemzi. Egy j\u00f3l&hellip;","_links":{"self":[{"href":"https:\/\/omag.hu\/hu\/wp-json\/wp\/v2\/pages\/2135","targetHints":{"allow":["GET"]}}],"collection":[{"href":"https:\/\/omag.hu\/hu\/wp-json\/wp\/v2\/pages"}],"about":[{"href":"https:\/\/omag.hu\/hu\/wp-json\/wp\/v2\/types\/page"}],"author":[{"embeddable":true,"href":"https:\/\/omag.hu\/hu\/wp-json\/wp\/v2\/users\/1"}],"replies":[{"embeddable":true,"href":"https:\/\/omag.hu\/hu\/wp-json\/wp\/v2\/comments?post=2135"}],"version-history":[{"count":6,"href":"https:\/\/omag.hu\/hu\/wp-json\/wp\/v2\/pages\/2135\/revisions"}],"predecessor-version":[{"id":2625,"href":"https:\/\/omag.hu\/hu\/wp-json\/wp\/v2\/pages\/2135\/revisions\/2625"}],"up":[{"embeddable":true,"href":"https:\/\/omag.hu\/hu\/wp-json\/wp\/v2\/pages\/2904"}],"wp:featuredmedia":[{"embeddable":true,"href":"https:\/\/omag.hu\/hu\/wp-json\/wp\/v2\/media\/2290"}],"wp:attachment":[{"href":"https:\/\/omag.hu\/hu\/wp-json\/wp\/v2\/media?parent=2135"}],"curies":[{"name":"wp","href":"https:\/\/api.w.org\/{rel}","templated":true}]}}