{"id":2515,"date":"2024-03-25T11:10:07","date_gmt":"2024-03-25T10:10:07","guid":{"rendered":"https:\/\/omag.hu\/?page_id=2515"},"modified":"2026-04-21T15:49:05","modified_gmt":"2026-04-21T13:49:05","slug":"open-minded-art-group-art-design-code","status":"publish","type":"page","link":"https:\/\/omag.hu\/hu\/","title":{"rendered":"Open Minded Art Group: M\u0171v\u00e9szet, Design \u00e9s K\u00f3d!"},"content":{"rendered":"\n<div class=\"wp-block-uagb-container content_block uagb-block-e2186dd3 alignfull uagb-is-root-container\">\n<div class=\"wp-block-uagb-container content_block_column uagb-block-24fd91d8\">\n<div class=\"wp-block-uagb-container omg_infobox uagb-block-7bd1d23b default uagb-is-root-container\">\n<h2 class=\"wp-block-heading has-text-align-center\"><strong>Ahol a vizu\u00e1lis kult\u00fara \u00e9s a modern technol\u00f3gia \u00f6ssze\u00e9r.<\/strong><\/h2>\n\n\n\n<div class=\"wp-block-uagb-separator uagb-block-ad36a9ba\"><div class=\"wp-block-uagb-separator__inner\" style=\"--my-background-image:\"><\/div><\/div>\n\n\n\n<p class=\"has-text-align-center has-small-font-size\">Digit\u00e1lis \u00e9lm\u00e9nyeket alkotunk, ahol az innovat\u00edv IT megold\u00e1sok \u00e9s az \u00e1tgondolt design tal\u00e1lkoznak.<\/p>\n<\/div>\n<\/div>\n\n\n\n<div class=\"wp-block-uagb-container content_block_column uagb-block-2bb78fb2\">\n<div class=\"wp-block-uagb-container omg_infobox uagb-block-7f062e04 default uagb-is-root-container\">\n<h2 class=\"wp-block-heading has-text-align-center\"><strong>Digit\u00e1lis tartalom. Anal\u00f3g l\u00e9lek. Maxim\u00e1lis hat\u00e1s.<\/strong><\/h2>\n\n\n\n<div class=\"wp-block-uagb-separator uagb-block-4842ead1\"><div class=\"wp-block-uagb-separator__inner\" style=\"--my-background-image:\"><\/div><\/div>\n\n\n\n<p class=\"has-text-align-center has-small-font-size\">A webfejleszt\u00e9st\u0151l az illusztr\u00e1ci\u00f3ig: eszt\u00e9tikai tisztas\u00e1g \u00e9s technikai precizit\u00e1s minden pixelben.<\/p>\n<\/div>\n<\/div>\n\n\n\n<div class=\"wp-block-uagb-container content_block_column uagb-block-b2afbff5\">\n<div class=\"wp-block-uagb-container omg_infobox uagb-block-60c7da00 default uagb-is-root-container\">\n<h2 class=\"wp-block-heading has-text-align-center\"><strong>OMAG:<\/strong><br><strong>Design. Code. Vision.<\/strong><\/h2>\n\n\n\n<div class=\"wp-block-uagb-separator uagb-block-e02289a7\"><div class=\"wp-block-uagb-separator__inner\" style=\"--my-background-image:\"><\/div><\/div>\n\n\n\n<p class=\"has-text-align-center has-small-font-size\">\u00c1tgondolt interf\u00e9szek, stabil fejleszt\u00e9sek \u00e9s vizu\u00e1lis t\u00f6rt\u00e9netmes\u00e9l\u00e9s \u2013 a Platinum Bt. kreat\u00edv-technol\u00f3giai div\u00edzi\u00f3j\u00e1t\u00f3l.<\/p>\n<\/div>\n<\/div>\n<\/div>\n\n\n\n<div class=\"wp-block-uagb-separator uagb-block-e611879c\"><div class=\"uagb-separator-spacing-wrapper\"><div class=\"wp-block-uagb-separator__inner\" style=\"--my-background-image:\"><\/div><\/div><\/div>\n\n\n<div id=\"code_block-6-2462\" class=\"ct-code-block\" ><div class=\"tiles_rows\" style=\"gap:20px\"><div class=\"tiles_row\" style=\"gap:20px\"><div class=\"tile tile_grey\"><a href=\"https:\/\/omag.hu\/hu\/honlapkeszites\/\"><div class=\"img_container\"><img decoding=\"async\" src=\"https:\/\/omag.hu\/wp-content\/uploads\/2026\/03\/apesmiles_web.png\" alt=\"Weboldal\" class=\"ct-image\"><\/div><h3 class=\"tile_title\">Weboldal<\/h3><\/a><\/div><div class=\"tile tile_grey\"><a href=\"https:\/\/omag.hu\/hu\/grafika-logo-arculat\/\"><div class=\"img_container\"><img decoding=\"async\" src=\"https:\/\/omag.hu\/wp-content\/uploads\/2026\/03\/apesmiles_visual.png\" alt=\"Arculat\" class=\"ct-image\"><\/div><h3 class=\"tile_title\">Arculat<\/h3><\/a><\/div><div class=\"tile tile_grey\"><a href=\"https:\/\/omag.hu\/hu\/mozgokep\/\"><div class=\"img_container\"><img decoding=\"async\" src=\"https:\/\/omag.hu\/wp-content\/uploads\/2026\/03\/apesmiles_video.png\" alt=\"Mozg\u00f3k\u00e9p\" class=\"ct-image\"><\/div><h3 class=\"tile_title\">Mozg\u00f3k\u00e9p<\/h3><\/a><\/div><div class=\"tile tile_grey\"><a href=\"\"><div class=\"img_container\"><img decoding=\"async\" src=\"https:\/\/omag.hu\/wp-content\/uploads\/2026\/03\/apesmiles_code.png\" alt=\"K\u00f3d\" class=\"ct-image\"><\/div><h3 class=\"tile_title\">K\u00f3d<\/h3><\/a><\/div><div class=\"tile tile_grey\"><a href=\"https:\/\/omag.hu\/hu\/formaterv-iparmuveszet\/\"><div class=\"img_container\"><img decoding=\"async\" src=\"https:\/\/omag.hu\/wp-content\/uploads\/2026\/03\/apesmiles_industrial.png\" alt=\"Forma tervez\u00e9s\" class=\"ct-image\"><\/div><h3 class=\"tile_title\">Forma tervez\u00e9s<\/h3><\/a><\/div><div class=\"tile tile_grey\"><a href=\"\"><div class=\"img_container\"><img decoding=\"async\" src=\"https:\/\/omag.hu\/wp-content\/uploads\/2026\/03\/apesmiles_rentals-e1773299527599.png\" alt=\"B\u00e9relhet\u0151\" class=\"ct-image\"><\/div><h3 class=\"tile_title\">B\u00e9relhet\u0151<\/h3><\/a><\/div><\/div><div class=\"tiles_row\" style=\"gap:20px\"><div class=\"tile moving_pic\"><a href=\"https:\/\/www.youtube.com\/channel\/UCY55jCMoz_lpB26UaAf7t7A\"><div class=\"img_container\"><img decoding=\"async\" src=\"https:\/\/omag.hu\/wp-content\/uploads\/2026\/03\/omag-page-featured-image.jpg\" alt=\"N\u00e9zd meg a vide\u00f3inkat a youtube-on!\" class=\"ct-image\" style=\"height:200px\"><\/div><h3 class=\"tile_title\">N\u00e9zd meg a vide\u00f3inkat a youtube-on!<\/h3><\/a><\/div><\/div><\/div><\/div>","protected":false},"excerpt":{"rendered":"<p>Ahol a vizu\u00e1lis kult\u00fara \u00e9s a modern technol\u00f3gia \u00f6ssze\u00e9r. Digit\u00e1lis \u00e9lm\u00e9nyeket alkotunk, ahol az innovat\u00edv IT megold\u00e1sok \u00e9s az \u00e1tgondolt design tal\u00e1lkoznak. Digit\u00e1lis tartalom. Anal\u00f3g l\u00e9lek. Maxim\u00e1lis hat\u00e1s. A webfejleszt\u00e9st\u0151l az illusztr\u00e1ci\u00f3ig: eszt\u00e9tikai tisztas\u00e1g \u00e9s technikai precizit\u00e1s minden pixelben. OMAG:Design. Code. Vision. \u00c1tgondolt interf\u00e9szek, stabil fejleszt\u00e9sek \u00e9s vizu\u00e1lis t\u00f6rt\u00e9netmes\u00e9l\u00e9s \u2013 a Platinum Bt. kreat\u00edv-technol\u00f3giai div\u00edzi\u00f3j\u00e1t\u00f3l.<\/p>\n","protected":false},"author":1,"featured_media":2290,"parent":0,"menu_order":0,"comment_status":"closed","ping_status":"open","template":"","meta":{"_acf_changed":false,"_seopress_robots_primary_cat":"","_seopress_titles_title":"OMAG \u2013 Webfejleszt\u00e9s, Arculattervez\u00e9s \u00e9s Vide\u00f3 K\u00e9sz\u00edt\u00e9s","_seopress_titles_desc":"Digit\u00e1lis \u00e9lm\u00e9nyeket alkotunk: professzion\u00e1lis weboldal k\u00e9sz\u00edt\u00e9s, egyedi arculattervez\u00e9s \u00e9s vide\u00f3s bemutat\u00f3k. Innovat\u00edv IT megold\u00e1sok \u00e9s design az OMAG-t\u00f3l.","_seopress_robots_index":"","inline_featured_image":false,"_uag_custom_page_level_css":"","footnotes":""},"class_list":["post-2515","page","type-page","status-publish","has-post-thumbnail","hentry"],"acf":[],"uagb_featured_image_src":{"full":["https:\/\/omag.hu\/wp-content\/uploads\/2026\/03\/omag-page-featured-image.jpg",1920,1080,false],"thumbnail":["https:\/\/omag.hu\/wp-content\/uploads\/2026\/03\/omag-page-featured-image-150x150.jpg",150,150,true],"medium":["https:\/\/omag.hu\/wp-content\/uploads\/2026\/03\/omag-page-featured-image-300x169.jpg",300,169,true],"medium_large":["https:\/\/omag.hu\/wp-content\/uploads\/2026\/03\/omag-page-featured-image-768x432.jpg",768,432,true],"large":["https:\/\/omag.hu\/wp-content\/uploads\/2026\/03\/omag-page-featured-image-1024x576.jpg",1024,576,true],"1536x1536":["https:\/\/omag.hu\/wp-content\/uploads\/2026\/03\/omag-page-featured-image-1536x864.jpg",1536,864,true],"2048x2048":["https:\/\/omag.hu\/wp-content\/uploads\/2026\/03\/omag-page-featured-image.jpg",1920,1080,false],"gform-image-choice-sm":["https:\/\/omag.hu\/wp-content\/uploads\/2026\/03\/omag-page-featured-image.jpg",300,169,false],"gform-image-choice-md":["https:\/\/omag.hu\/wp-content\/uploads\/2026\/03\/omag-page-featured-image.jpg",400,225,false],"gform-image-choice-lg":["https:\/\/omag.hu\/wp-content\/uploads\/2026\/03\/omag-page-featured-image.jpg",600,338,false],"woocommerce_thumbnail":["https:\/\/omag.hu\/wp-content\/uploads\/2026\/03\/omag-page-featured-image-300x300.jpg",300,300,true],"woocommerce_single":["https:\/\/omag.hu\/wp-content\/uploads\/2026\/03\/omag-page-featured-image-600x338.jpg",600,338,true],"woocommerce_gallery_thumbnail":["https:\/\/omag.hu\/wp-content\/uploads\/2026\/03\/omag-page-featured-image-100x100.jpg",100,100,true]},"uagb_author_info":{"display_name":"oolee","author_link":"https:\/\/omag.hu\/hu\/author\/olee\/"},"uagb_comment_info":0,"uagb_excerpt":"Ahol a vizu\u00e1lis kult\u00fara \u00e9s a modern technol\u00f3gia \u00f6ssze\u00e9r. Digit\u00e1lis \u00e9lm\u00e9nyeket alkotunk, ahol az innovat\u00edv IT megold\u00e1sok \u00e9s az \u00e1tgondolt design tal\u00e1lkoznak. Digit\u00e1lis tartalom. Anal\u00f3g l\u00e9lek. Maxim\u00e1lis hat\u00e1s. A webfejleszt\u00e9st\u0151l az illusztr\u00e1ci\u00f3ig: eszt\u00e9tikai tisztas\u00e1g \u00e9s technikai precizit\u00e1s minden pixelben. OMAG:Design. Code. Vision. \u00c1tgondolt interf\u00e9szek, stabil fejleszt\u00e9sek \u00e9s vizu\u00e1lis t\u00f6rt\u00e9netmes\u00e9l\u00e9s \u2013 a Platinum Bt. kreat\u00edv-technol\u00f3giai div\u00edzi\u00f3j\u00e1t\u00f3l.","_links":{"self":[{"href":"https:\/\/omag.hu\/hu\/wp-json\/wp\/v2\/pages\/2515","targetHints":{"allow":["GET"]}}],"collection":[{"href":"https:\/\/omag.hu\/hu\/wp-json\/wp\/v2\/pages"}],"about":[{"href":"https:\/\/omag.hu\/hu\/wp-json\/wp\/v2\/types\/page"}],"author":[{"embeddable":true,"href":"https:\/\/omag.hu\/hu\/wp-json\/wp\/v2\/users\/1"}],"replies":[{"embeddable":true,"href":"https:\/\/omag.hu\/hu\/wp-json\/wp\/v2\/comments?post=2515"}],"version-history":[{"count":4,"href":"https:\/\/omag.hu\/hu\/wp-json\/wp\/v2\/pages\/2515\/revisions"}],"predecessor-version":[{"id":2651,"href":"https:\/\/omag.hu\/hu\/wp-json\/wp\/v2\/pages\/2515\/revisions\/2651"}],"wp:featuredmedia":[{"embeddable":true,"href":"https:\/\/omag.hu\/hu\/wp-json\/wp\/v2\/media\/2290"}],"wp:attachment":[{"href":"https:\/\/omag.hu\/hu\/wp-json\/wp\/v2\/media?parent=2515"}],"curies":[{"name":"wp","href":"https:\/\/api.w.org\/{rel}","templated":true}]}}