{"id":2652,"date":"2026-03-12T19:43:28","date_gmt":"2026-03-12T18:43:28","guid":{"rendered":"https:\/\/omag.hu\/?page_id=2652"},"modified":"2026-04-22T18:42:50","modified_gmt":"2026-04-22T16:42:50","slug":"formaterv-iparmuveszet","status":"publish","type":"page","link":"https:\/\/omag.hu\/hu\/formaterv-iparmuveszet\/","title":{"rendered":"Formaterv, iparm\u0171v\u00e9szet: prec\u00edz, gy\u00e1rthat\u00f3 \u00e9s eszt\u00e9tikus"},"content":{"rendered":"\n<div class=\"wp-block-uagb-container content_block content_block_column_base_gap uagb-block-925f5a04 alignfull uagb-is-root-container\">\n<div class=\"wp-block-uagb-container content_block_column content_block_column_base_gap uagb-block-d82873a0\">\n<div class=\"wp-block-uagb-container sevices_textbox uagb-block-8b101b67\">\n<div class=\"wp-block-uagb-container textbox_head uagb-block-adaf0e59\">\n<div class=\"wp-block-uagb-image uagb-block-e9e471b6 wp-block-uagb-image--layout-default wp-block-uagb-image--effect-static wp-block-uagb-image--align-none\"><figure class=\"wp-block-uagb-image__figure\"><img decoding=\"async\" srcset=\"https:\/\/omag.hu\/wp-content\/uploads\/2026\/03\/apesmiles_industrial.png ,https:\/\/omag.hu\/wp-content\/uploads\/2026\/03\/apesmiles_industrial.png 780w, https:\/\/omag.hu\/wp-content\/uploads\/2026\/03\/apesmiles_industrial.png 360w\" sizes=\"auto, (max-width: 480px) 150px\" src=\"https:\/\/omag.hu\/wp-content\/uploads\/2026\/03\/apesmiles_industrial.png\" alt=\"omag industrial\" class=\"uag-image-2504\" width=\"300\" height=\"386\" title=\"apesmiles_industrial\" loading=\"lazy\" role=\"img\"\/><\/figure><\/div>\n\n\n\n<div class=\"wp-block-uagb-container uagb-block-01213b78\">\n<h2 class=\"wp-block-heading\"><strong>A koncepci\u00f3 ereje<\/strong>: Formaterv<\/h2>\n\n\n\n<h3 class=\"wp-block-heading has-text-color has-link-color has-medium-font-size wp-elements-1e8cc34cf3d8cf680c51b96603fb97c1\" style=\"color:#05202df0\"><em>Formaterv \u00e9s Iparm\u0171v\u00e9szeti v\u00edzi\u00f3<\/em><\/h3>\n<\/div>\n<\/div>\n\n\n\n<p>A t\u00e1rgyak nem a m\u0171helyben, hanem a pap\u00edron \u00e9s a k\u00e9perny\u0151n sz\u00fcletnek meg. Mi nem gy\u00e1rtunk \u2013 mi&nbsp;<strong>megalkotjuk azt a vizu\u00e1lis \u00e9s szerkezeti v\u00e1zat<\/strong>, amely minden maradand\u00f3 t\u00e1rgy alapja. Designerekk\u00e9nt \u00e9s iparm\u0171v\u00e9szek\u00e9nt a gondolatot form\u00e1ljuk \u00e1t prec\u00edz, gy\u00e1rthat\u00f3 \u00e9s eszt\u00e9tikailag megk\u00e9rd\u0151jelezhetetlen tervekk\u00e9.<\/p>\n<\/div>\n<\/div>\n\n\n\n<div class=\"wp-block-uagb-container content_block_column content_block_column_base_gap uagb-block-38e8d7ba\">\n<figure class=\"wp-block-image size-large has-custom-border\" style=\"margin-top:0;margin-bottom:0\"><img loading=\"lazy\" decoding=\"async\" width=\"1024\" height=\"576\" src=\"https:\/\/omag.hu\/wp-content\/uploads\/2026\/03\/Befutoerem-1024x576.jpg\" alt=\"Iparm\u0171v\u00e9szet. Befut\u00f3\u00e9rem tervez\u00e9se. Formaterv\" class=\"wp-image-2647\" style=\"border-top-left-radius:8px;border-top-right-radius:8px;border-bottom-left-radius:8px;border-bottom-right-radius:8px\" srcset=\"https:\/\/omag.hu\/wp-content\/uploads\/2026\/03\/Befutoerem-1024x576.jpg 1024w, https:\/\/omag.hu\/wp-content\/uploads\/2026\/03\/Befutoerem-300x169.jpg 300w, https:\/\/omag.hu\/wp-content\/uploads\/2026\/03\/Befutoerem-768x432.jpg 768w, https:\/\/omag.hu\/wp-content\/uploads\/2026\/03\/Befutoerem-1536x864.jpg 1536w, https:\/\/omag.hu\/wp-content\/uploads\/2026\/03\/Befutoerem-600x338.jpg 600w, https:\/\/omag.hu\/wp-content\/uploads\/2026\/03\/Befutoerem.jpg 1920w\" sizes=\"auto, (max-width: 1024px) 100vw, 1024px\" \/><\/figure>\n\n\n\n<div class=\"wp-block-uagb-container omg_infobox uagb-block-9031b3b2\">\n<h3 class=\"wp-block-heading\" style=\"margin-top:0;margin-bottom:var(--wp--preset--spacing--20)\">L\u00e9pj kapcsolatba vel\u00fcnk!<\/h3>\n\n\n<div id=\"div_block-33-2040\" class=\"ct-div-block\" ><a id=\"link-30-2040\" class=\"ct-link\" href=\"tel:+36303225513\" target=\"_blank\"  ><div id=\"fancy_icon-31-2040\" class=\"ct-fancy-icon footer_icons\"  title=\"call: +36303225513\"><svg id=\"svg-fancy_icon-31-2040\"><use xlink:href=\"#FontAwesomeicon-phone-square\"><\/use><\/svg><\/div><\/a><a id=\"link-25-2040\" class=\"ct-link footer_icons\" href=\"mailto:info@omag.hu\"   ><div id=\"fancy_icon-15-2040\" class=\"ct-fancy-icon footer_icons\"  title=\"email:info@omag.hu\"><svg id=\"svg-fancy_icon-15-2040\"><use xlink:href=\"#FontAwesomeicon-envelope-o\"><\/use><\/svg><\/div><\/a><\/div>\n<\/div>\n<\/div>\n<\/div>\n","protected":false},"excerpt":{"rendered":"<p>A koncepci\u00f3 ereje: Formaterv Formaterv \u00e9s Iparm\u0171v\u00e9szeti v\u00edzi\u00f3 A t\u00e1rgyak nem a m\u0171helyben, hanem a pap\u00edron \u00e9s a k\u00e9perny\u0151n sz\u00fcletnek meg. Mi nem gy\u00e1rtunk \u2013 mi&nbsp;megalkotjuk azt a vizu\u00e1lis \u00e9s szerkezeti v\u00e1zat, amely minden maradand\u00f3 t\u00e1rgy alapja. Designerekk\u00e9nt \u00e9s iparm\u0171v\u00e9szek\u00e9nt a gondolatot form\u00e1ljuk \u00e1t prec\u00edz, gy\u00e1rthat\u00f3 \u00e9s eszt\u00e9tikailag megk\u00e9rd\u0151jelezhetetlen tervekk\u00e9. L\u00e9pj kapcsolatba vel\u00fcnk!<\/p>\n","protected":false},"author":1,"featured_media":2648,"parent":0,"menu_order":0,"comment_status":"closed","ping_status":"closed","template":"","meta":{"_acf_changed":false,"_seopress_robots_primary_cat":"","_seopress_titles_title":"Formaterv \u00e9s iparm\u0171v\u00e9szet - Open Minded Art Group","_seopress_titles_desc":"Formaterv k\u00e9sz\u00edt\u00e9s: Designerekk\u00e9nt \u00e9s iparm\u0171v\u00e9szek\u00e9nt a gondolatot form\u00e1ljuk \u00e1t prec\u00edz, gy\u00e1rthat\u00f3 \u00e9s eszt\u00e9tikailag megk\u00e9rd\u0151jelezhetetlen formaterv\u00e9.","_seopress_robots_index":"","inline_featured_image":false,"_uag_custom_page_level_css":"","footnotes":""},"class_list":["post-2652","page","type-page","status-publish","has-post-thumbnail","hentry"],"acf":[],"uagb_featured_image_src":{"full":["https:\/\/omag.hu\/wp-content\/uploads\/2026\/03\/Befutoerem.jpg",1920,1080,false],"thumbnail":["https:\/\/omag.hu\/wp-content\/uploads\/2026\/03\/Befutoerem-150x150.jpg",150,150,true],"medium":["https:\/\/omag.hu\/wp-content\/uploads\/2026\/03\/Befutoerem-300x169.jpg",300,169,true],"medium_large":["https:\/\/omag.hu\/wp-content\/uploads\/2026\/03\/Befutoerem-768x432.jpg",768,432,true],"large":["https:\/\/omag.hu\/wp-content\/uploads\/2026\/03\/Befutoerem-1024x576.jpg",1024,576,true],"1536x1536":["https:\/\/omag.hu\/wp-content\/uploads\/2026\/03\/Befutoerem-1536x864.jpg",1536,864,true],"2048x2048":["https:\/\/omag.hu\/wp-content\/uploads\/2026\/03\/Befutoerem.jpg",1920,1080,false],"gform-image-choice-sm":["https:\/\/omag.hu\/wp-content\/uploads\/2026\/03\/Befutoerem.jpg",300,169,false],"gform-image-choice-md":["https:\/\/omag.hu\/wp-content\/uploads\/2026\/03\/Befutoerem.jpg",400,225,false],"gform-image-choice-lg":["https:\/\/omag.hu\/wp-content\/uploads\/2026\/03\/Befutoerem.jpg",600,338,false],"woocommerce_thumbnail":["https:\/\/omag.hu\/wp-content\/uploads\/2026\/03\/Befutoerem-300x300.jpg",300,300,true],"woocommerce_single":["https:\/\/omag.hu\/wp-content\/uploads\/2026\/03\/Befutoerem-600x338.jpg",600,338,true],"woocommerce_gallery_thumbnail":["https:\/\/omag.hu\/wp-content\/uploads\/2026\/03\/Befutoerem-100x100.jpg",100,100,true]},"uagb_author_info":{"display_name":"oolee","author_link":"https:\/\/omag.hu\/hu\/author\/olee\/"},"uagb_comment_info":0,"uagb_excerpt":"A koncepci\u00f3 ereje: Formaterv Formaterv \u00e9s Iparm\u0171v\u00e9szeti v\u00edzi\u00f3 A t\u00e1rgyak nem a m\u0171helyben, hanem a pap\u00edron \u00e9s a k\u00e9perny\u0151n sz\u00fcletnek meg. Mi nem gy\u00e1rtunk \u2013 mi&nbsp;megalkotjuk azt a vizu\u00e1lis \u00e9s szerkezeti v\u00e1zat, amely minden maradand\u00f3 t\u00e1rgy alapja. Designerekk\u00e9nt \u00e9s iparm\u0171v\u00e9szek\u00e9nt a gondolatot form\u00e1ljuk \u00e1t prec\u00edz, gy\u00e1rthat\u00f3 \u00e9s eszt\u00e9tikailag megk\u00e9rd\u0151jelezhetetlen tervekk\u00e9. L\u00e9pj kapcsolatba vel\u00fcnk!","_links":{"self":[{"href":"https:\/\/omag.hu\/hu\/wp-json\/wp\/v2\/pages\/2652","targetHints":{"allow":["GET"]}}],"collection":[{"href":"https:\/\/omag.hu\/hu\/wp-json\/wp\/v2\/pages"}],"about":[{"href":"https:\/\/omag.hu\/hu\/wp-json\/wp\/v2\/types\/page"}],"author":[{"embeddable":true,"href":"https:\/\/omag.hu\/hu\/wp-json\/wp\/v2\/users\/1"}],"replies":[{"embeddable":true,"href":"https:\/\/omag.hu\/hu\/wp-json\/wp\/v2\/comments?post=2652"}],"version-history":[{"count":6,"href":"https:\/\/omag.hu\/hu\/wp-json\/wp\/v2\/pages\/2652\/revisions"}],"predecessor-version":[{"id":2725,"href":"https:\/\/omag.hu\/hu\/wp-json\/wp\/v2\/pages\/2652\/revisions\/2725"}],"wp:featuredmedia":[{"embeddable":true,"href":"https:\/\/omag.hu\/hu\/wp-json\/wp\/v2\/media\/2648"}],"wp:attachment":[{"href":"https:\/\/omag.hu\/hu\/wp-json\/wp\/v2\/media?parent=2652"}],"curies":[{"name":"wp","href":"https:\/\/api.w.org\/{rel}","templated":true}]}}